{"id":2625,"date":"2018-09-04T22:06:13","date_gmt":"2018-09-04T22:06:13","guid":{"rendered":"https:\/\/drnoriegausi.com\/?page_id=2625"},"modified":"2023-09-20T17:43:16","modified_gmt":"2023-09-20T22:43:16","slug":"preguntale-al-especialista","status":"publish","type":"page","link":"https:\/\/drnoriegausi.com\/web\/preguntale-al-especialista\/","title":{"rendered":"Preg\u00fantale al especialista"},"content":{"rendered":"<p><section   class=\"fw-main-row-custom fw-main-row-top fw-section-no-padding  fw_theme_bg_fw-custom fw-section-image fw-section-height-custom fw-content-vertical-align-middle fw-section-position-back tf-sh-dcca6710884a1baece0db106c3dbf1c6\"  style=\" background-image:url(https:\/\/drnoriegausi.com\/wp-content\/uploads\/2018\/09\/shutterstock_486339991.jpg); background-repeat: no-repeat; background-position: center center; background-size: cover; height: 250px;\"  >\n\t\t<div class=\"fw-main-row-overlay fw_theme_bg_color_5\" style=\"opacity: 0.75;\"><\/div>\t<div class=\"fw-container-fluid\" >\n\t\t<div class=\"fw-row\">\n\t<div id=\"column-69d160ad176e8\" class=\"fw-col-sm-12 tf-sh-4d34581dc0cfbc6d8b9948f5c44d97f0\" >\n\t<div class=\"fw-wrap-col-inner clearfix  \"   >\n\t\t\t\t<div class=\"fw-col-inner\">\n\t\t\t<div class=\"fw-heading fw-heading-center  fw-heading-with-subtitle tf-sh-b0a64271b9d1c6f0edbb1ffe6191251c\" >\n\t\t\t<h2 class=\"fw-special-title\">Preg\u00fantale al especialista<\/h2>\n\t\n\t\n\t\t\t<div class=\"fw-special-subtitle\"><a href=\"tel:5529728268\" style=\"color: yellow;\">Emergencias: (55) 2972 8268<\/a><\/div>\n\t<\/div>\t\t<\/div>\n\t<\/div>\n<\/div><\/div>\n\n\t<\/div>\n\t<\/section><section  id=\"f\" class=\"fw-main-row-custom fw-section-no-padding  fw_theme_bg_fw-custom fw-section-image auto  fw-section-position-back tf-sh-e997abc94ca600e1352bb9923c062e6f\"  style=\" background-image:url(https:\/\/drnoriegausi.com\/wp-content\/uploads\/2018\/09\/Sin-t\u00edtulo-1-5.png); background-repeat: no-repeat; background-position: center bottom; background-size: cover;\"  >\n\t\t\t<div class=\"fw-container\" >\n\t\t<div class=\"fw-row\">\n\t<div id=\"column-69d160ad1800e\" class=\"fw-col-sm-12 tf-sh-f500153933f6b485f177c61efc7da781  fw-col-no-padding\" >\n\t<div class=\"fw-wrap-col-inner clearfix  \"   >\n\t\t\t\t<div class=\"fw-col-inner\">\n\t\t\t<div class=\"fw-divider-space  fw-custom-space  clearfix\" style=\"height:70px;\" ><\/div><div class=\"fw-text-box tf-sh-0eb222e62f3e08273753f52f35aba622  fw-animated-element\"  data-animation-type=\"slideInRight\" data-animation-delay=\"200\">\n\t<div class=\"fw-text-inner\">\n\t\t<p style=\"text-align: center;\">*El correo es solo para agendar consultas, no se har\u00e1n cotizaciones ni se atienden emergencias por ese medio.<\/p>\n\t<\/div>\n<\/div><div class=\"fw-divider-space space-md  fw-tablet-hide-element fw-mobile-hide-element clearfix\"  ><\/div><div class=\"fw-divider-space space-sm  fw-desktop-hide-element fw-tablet-landscape-hide-element clearfix\"  ><\/div>\t\t<\/div>\n\t<\/div>\n<\/div><\/div>\n\n<div class=\"fw-row\">\n\t<div id=\"column-69d160ad187a3\" class=\"fw-col-sm-6 tf-sh-a54a8cca18fca27ca5a7daae4874d5a3\" >\n\t<div class=\"fw-wrap-col-inner clearfix  \"   >\n\t\t\t\t<div class=\"fw-col-inner\">\n\t\t\t<div class=\"fw-raw-code  fw-tablet-hide-element fw-mobile-hide-element\">\n\t\n<div class=\"wpcf7 no-js\" id=\"wpcf7-f3024-o1\" lang=\"es-ES\" dir=\"ltr\">\n<div class=\"screen-reader-response\"><p role=\"status\" aria-live=\"polite\" aria-atomic=\"true\"><\/p> <ul><\/ul><\/div>\n<form action=\"\/web\/wp-json\/wp\/v2\/pages\/2625#wpcf7-f3024-o1\" method=\"post\" class=\"wpcf7-form init\" aria-label=\"Formulario de contacto\" novalidate=\"novalidate\" data-status=\"init\">\n<div style=\"display: none;\">\n<input type=\"hidden\" name=\"_wpcf7\" value=\"3024\" \/>\n<input type=\"hidden\" name=\"_wpcf7_version\" value=\"5.7.7\" \/>\n<input type=\"hidden\" name=\"_wpcf7_locale\" value=\"es_ES\" \/>\n<input type=\"hidden\" name=\"_wpcf7_unit_tag\" value=\"wpcf7-f3024-o1\" \/>\n<input type=\"hidden\" name=\"_wpcf7_container_post\" value=\"0\" \/>\n<input type=\"hidden\" name=\"_wpcf7_posted_data_hash\" value=\"\" \/>\n<\/div>\n<div style=\"display:flex;\">\n\t<div style=\"width:49%; margin-right:15px; font-size: 15px; color: #000d49; font-family: Roboto;\">\n\t\t<p>NOMBRE <span style=\"color:red;\">*<\/span><span class=\"wpcf7-form-control-wrap\" data-name=\"your-name\"><input size=\"40\" class=\"wpcf7-form-control wpcf7-text wpcf7-validates-as-required\" aria-required=\"true\" aria-invalid=\"false\" placeholder=\"Nombre completo\" value=\"\" type=\"text\" name=\"your-name\" \/><\/span>\n\t\t<\/p>\n\t<\/div>\n\t<div style=\"width:49%; margin-left:15px; font-size: 15px; color: #000d49; font-family: Roboto; \">\n\t\t<p>TEL\u00c9FONO <span style=\"color:red;\">*<\/span><span class=\"wpcf7-form-control-wrap\" data-name=\"your-phone\"><input size=\"40\" class=\"wpcf7-form-control wpcf7-text wpcf7-validates-as-required\" aria-required=\"true\" aria-invalid=\"false\" placeholder=\"Tel\u00e9fono\" value=\"\" type=\"text\" name=\"your-phone\" \/><\/span>\n\t\t<\/p>\n\t<\/div>\n<\/div>\n<p style= \"font-size: 15px; color: #000d49; font-family: Roboto; margin-top: 25px;\">CORREO ELECTR\u00d3NICO <span style=\"color:red;\">*<\/span><span class=\"wpcf7-form-control-wrap\" data-name=\"your-email\"><input size=\"40\" class=\"wpcf7-form-control wpcf7-text wpcf7-email wpcf7-validates-as-required wpcf7-validates-as-email\" aria-required=\"true\" aria-invalid=\"false\" placeholder=\"Correo electr\u00f3nico\" value=\"\" type=\"email\" name=\"your-email\" \/><\/span>\n<\/p>\n<p style= \"font-size: 15px; color: #000d49; font-family: Roboto; margin-top: 25px;\">COMENTARIOS <span style=\"color:red;\">*<\/span><span class=\"wpcf7-form-control-wrap\" data-name=\"your-message\"><textarea cols=\"40\" rows=\"10\" class=\"wpcf7-form-control wpcf7-textarea wpcf7-validates-as-required\" aria-required=\"true\" aria-invalid=\"false\" placeholder=\"\" name=\"your-message\"><\/textarea><\/span>\n<\/p>\n<p><div id=\"cf7sr-69d160ad1a1d4\" class=\"cf7sr-g-recaptcha\" data-sitekey=\"6Lciqr0ZAAAAALxXm8LsM_yRmA4cIxtpU9q50IGD\"><\/div><span class=\"wpcf7-form-control-wrap cf7sr-recaptcha\" data-name=\"cf7sr-recaptcha\"><input type=\"hidden\" name=\"cf7sr-recaptcha\" value=\"\" class=\"wpcf7-form-control\"><\/span>\n<\/p>\n<p style= \"text-align: center;\"><input class=\"wpcf7-form-control has-spinner wpcf7-submit\" type=\"submit\" value=\"ENVIAR CORREO\" \/>\n<\/p><div class=\"wpcf7-response-output\" aria-hidden=\"true\"><\/div>\n<\/form>\n<\/div>\n<\/div><div class=\"fw-raw-code  fw-desktop-hide-element fw-tablet-landscape-hide-element\">\n\t\n<div class=\"wpcf7 no-js\" id=\"wpcf7-f3029-o2\" lang=\"es-ES\" dir=\"ltr\">\n<div class=\"screen-reader-response\"><p role=\"status\" aria-live=\"polite\" aria-atomic=\"true\"><\/p> <ul><\/ul><\/div>\n<form action=\"\/web\/wp-json\/wp\/v2\/pages\/2625#wpcf7-f3029-o2\" method=\"post\" class=\"wpcf7-form init\" aria-label=\"Formulario de contacto\" novalidate=\"novalidate\" data-status=\"init\">\n<div style=\"display: none;\">\n<input type=\"hidden\" name=\"_wpcf7\" value=\"3029\" \/>\n<input type=\"hidden\" name=\"_wpcf7_version\" value=\"5.7.7\" \/>\n<input type=\"hidden\" name=\"_wpcf7_locale\" value=\"es_ES\" \/>\n<input type=\"hidden\" name=\"_wpcf7_unit_tag\" value=\"wpcf7-f3029-o2\" \/>\n<input type=\"hidden\" name=\"_wpcf7_container_post\" value=\"0\" \/>\n<input type=\"hidden\" name=\"_wpcf7_posted_data_hash\" value=\"\" \/>\n<\/div>\n<p style=\"font-size: 15px; color: #000d49; font-family: Roboto;\">NOMBRE <span style=\"color:red;\">*<\/span><span class=\"wpcf7-form-control-wrap\" data-name=\"your-name\"><input size=\"40\" class=\"wpcf7-form-control wpcf7-text wpcf7-validates-as-required\" aria-required=\"true\" aria-invalid=\"false\" placeholder=\"Nombre completo\" value=\"\" type=\"text\" name=\"your-name\" \/><\/span>\n<\/p>\n<p style=\"font-size: 15px; color: #000d49; font-family: Roboto; margin-top: 25px;\">TEL\u00c9FONO <span style=\"color:red;\">*<\/span><span class=\"wpcf7-form-control-wrap\" data-name=\"your-phone\"><input size=\"40\" class=\"wpcf7-form-control wpcf7-text wpcf7-validates-as-required\" aria-required=\"true\" aria-invalid=\"false\" placeholder=\"Tel\u00e9fono\" value=\"\" type=\"text\" name=\"your-phone\" \/><\/span>\n<\/p>\n<p style= \"font-size: 15px; color: #000d49; font-family: Roboto; margin-top: 25px;\">CORREO ELECTR\u00d3NICO <span style=\"color:red;\">*<\/span><span class=\"wpcf7-form-control-wrap\" data-name=\"your-email\"><input size=\"40\" class=\"wpcf7-form-control wpcf7-text wpcf7-email wpcf7-validates-as-required wpcf7-validates-as-email\" aria-required=\"true\" aria-invalid=\"false\" placeholder=\"Correo electr\u00f3nico\" value=\"\" type=\"email\" name=\"your-email\" \/><\/span>\n<\/p>\n<p style= \"font-size: 15px; color: #000d49; font-family: Roboto; margin-top: 25px;\">COMENTARIOS <span style=\"color:red;\">*<\/span><span class=\"wpcf7-form-control-wrap\" data-name=\"your-message\"><textarea cols=\"40\" rows=\"10\" class=\"wpcf7-form-control wpcf7-textarea wpcf7-validates-as-required\" aria-required=\"true\" aria-invalid=\"false\" placeholder=\"\" name=\"your-message\"><\/textarea><\/span>\n<\/p>\n<p><div id=\"cf7sr-69d160ad1b982\" class=\"cf7sr-g-recaptcha\" data-sitekey=\"6Lciqr0ZAAAAALxXm8LsM_yRmA4cIxtpU9q50IGD\"><\/div><span class=\"wpcf7-form-control-wrap cf7sr-recaptcha\" data-name=\"cf7sr-recaptcha\"><input type=\"hidden\" name=\"cf7sr-recaptcha\" value=\"\" class=\"wpcf7-form-control\"><\/span>\n<\/p>\n<p style= \"text-align: center;\"><input class=\"wpcf7-form-control has-spinner wpcf7-submit\" type=\"submit\" value=\"ENVIAR CORREO\" \/>\n<\/p><div class=\"wpcf7-response-output\" aria-hidden=\"true\"><\/div>\n<\/form>\n<\/div>\n<\/div>\t\t<\/div>\n\t<\/div>\n<\/div><div id=\"column-69d160ad1bca0\" class=\"fw-col-sm-4 tf-sh-2051b710d4d4a7e63b07dd8585f62546\" >\n\t<div class=\"fw-wrap-col-inner clearfix  \"   >\n\t\t\t\t<div class=\"fw-col-inner\">\n\t\t\t<div class=\"fw-iconbox clearfix tf-sh-74c13a174d08d1834b7276da413b86e6 fw-iconbox-2    bg-none \" >\n\t<div class=\"fw-iconbox-image \" style=\"\">\n\t\t\t\t\t<i class=\"\" style=\"\"><\/i>\n\t\t\t<\/div>\n\n\t<div class=\"fw-iconbox-aside\">\n\t\t\t\t\t<div class=\"fw-iconbox-title\">\n\t\t\t\t<h5>Ubicaciones:<\/h5>\n\t\t\t<\/div>\n\t\t\n\t\t\t\t\t<div class=\"fw-iconbox-text\">\n\t\t\t\t<p><strong>Hospital \u00c1ngeles MOCEL. <\/strong><br \/>Gelati 29, Torre de Hospitalizaci\u00f3n, Consultorio 213.<br \/>Colonia San Miguel Chapultepec, Miguel Hidalgo.<br \/>CP 11850, CDMX.<\/p><p><strong>ABC Santa F\u00e9<\/strong><br \/>Av. Carlos Graef Fern\u00e1ndez 154, Col. Santa Fe, Cuajimalpa, Torre de Ginecolog\u00eda, Consultorio 333, CDMX<\/p><p><strong>ABC Observatorio<\/strong><\/p><p>Sur 136 No. 116, Col. Las Am\u00e9ricas, \u00c1lvaro Obreg\u00f3n, Torre Mackenzie 2, Consultorio 1A,\u00a0 CDMX<\/p>\t\t\t<\/div>\n\t\t\n\t\t\t<\/div>\n<\/div><div class=\"fw-iconbox clearfix tf-sh-da60a362c7a6deb4168be3dcf78091e2 fw-iconbox-2    bg-none \" >\n\t<div class=\"fw-iconbox-image \" style=\"\">\n\t\t\t\t\t<i class=\"\" style=\"\"><\/i>\n\t\t\t<\/div>\n\n\t<div class=\"fw-iconbox-aside\">\n\t\t\t\t\t<div class=\"fw-iconbox-title\">\n\t\t\t\t<h5>Tel\u00e9fonos:<\/h5>\n\t\t\t<\/div>\n\t\t\n\t\t\t\t\t<div class=\"fw-iconbox-text\">\n\t\t\t\t<p><strong>Consultorio<\/strong>: (55) 5272 9265<br \/><strong>Emergencias<\/strong>:<br \/>(55) 552 972 8268<\/p>\t\t\t<\/div>\n\t\t\n\t\t\t<\/div>\n<\/div>\t\t<\/div>\n\t<\/div>\n<\/div><\/div>\n\n<div class=\"fw-row\">\n\t<div id=\"column-69d160ad1c4d9\" class=\"fw-tablet-hide-element fw-col-sm-12 fw-tablet-landscape-hide-element fw-mobile-hide-element tf-sh-f6c82640f27d9d2ad751e43a9c2fc778\" >\n\t<div class=\"fw-wrap-col-inner clearfix  \"   >\n\t\t\t\t<div class=\"fw-col-inner\">\n\t\t\t<div class=\"fw-divider-space  fw-custom-space  clearfix\" style=\"height:160px;\" ><\/div>\t\t<\/div>\n\t<\/div>\n<\/div><\/div>\n\n\t<\/div>\n\t<\/section><section   class=\"fw-main-row-custom  auto  fw-section-position-back tf-sh-5ba5311e9bef68a4c42da01f033f5657\"    >\n\t\t\t<div class=\"fw-container\" >\n\t\t<div class=\"fw-row\">\n\t<div id=\"column-69d160ad1cdee\" class=\"fw-col-sm-8 tf-sh-7957816a22f155e8a73583fa0c78e13c\" >\n\t<div class=\"fw-wrap-col-inner clearfix  \"   >\n\t\t\t\t<div class=\"fw-col-inner\">\n\t\t\t<div class=\"fw-heading fw-heading-left  fw-heading-with-subtitle tf-sh-007e7bc85422c9bdf4d947584475e390\" >\n\t\t\t<h2 class=\"fw-special-title\">Preg\u00fantale al especialista<\/h2>\n\t\n\t\n\t\t\t<div class=\"fw-special-subtitle\"><a href=\"tel:5529728268\" style=\"color: #000d49;\">Emergencias: (55) 2972 8268<\/a><\/div>\n\t<\/div>\t<div  class=\"fw-divider tf-sh-e9da52b98050e58b9f5672d64615c59a  fw-divider-align-left fw-line-solid fw-divider-line space-md  fw_theme_border_only_color_5\"  style=\"width:25%;  \" ><\/div>\n<div class=\"fw-text-box tf-sh-68d63b01dddeaa4ca16db03ebf850dd8 \" >\n\t<div class=\"fw-text-inner\">\n\t\t<p style=\"text-align: justify;\">En esta secci\u00f3n puedes mandarme tus dudas y comentarios haciendo uso del formulario de abajo, mismas que responder\u00e9 a la brevedad posible.<\/p>\n<p style=\"text-align: justify;\">Soy cirujano general, especialista en hernias, hemorroides, enfermedades de la ves\u00edcula y cirug\u00eda laparosc\u00f3pica. Desempe\u00f1o mi labor m\u00e9dica en Centro M\u00e9dico ABC y el Hospital \u00c1ngeles MOCEL, en el DF. Te invito personalmente a que me contactes si requieres cualquier tipo de informaci\u00f3n relacionada a mis servicios.<\/p>\n\t<\/div>\n<\/div><div class=\"fw-divider-space space-sm  clearfix\"  ><\/div>\t\t<\/div>\n\t<\/div>\n<\/div><div id=\"column-69d160ad1d5d7\" class=\"fw-col-sm-4 tf-sh-07b127cca98deb3d4a2fa4d29ae4cfd1\" >\n\t<div class=\"fw-wrap-col-inner clearfix  \"   >\n\t\t\t\t<div class=\"fw-col-inner\">\n\t\t\t<div class=\"fw-iconbox clearfix tf-sh-47483608efea59953329ea923a8d5586 fw-iconbox-1  fw-iconbox-image-type  icon-circle \" >\n\t<div class=\"fw-iconbox-image  fw_theme_bg_fw-custom\" style=\"\">\n\t\t\t\t\t\t\t\t\t<img src=\"\/\/drnoriegausi.com\/wp-content\/uploads\/2018\/09\/shutterstock_486339991.jpg\" alt=\"\" \/>\n\t\t\t\t\t\t<\/div>\n\n\t<div class=\"fw-iconbox-aside\">\n\t\t\n\t\t\n\t\t\t\t\t<div class=\"text-center\">\t\t\t<a href=\"#f\" target=\"_self\" class=\"fw-btn  fw-btn-lg fw-btn-1 anchor\" style=\"\" >\n\t\t\t\t<span>\n\t\t\t\t\t\t\t\t\t\t\tSOLICITAR INFORMACI\u00d3N\t\t\t\t\t\t\t\t\t<\/span>\n\t\t\t<\/a>\n\t\t\t<\/div>\t\t\t<\/div>\n<\/div>\t\t<\/div>\n\t<\/div>\n<\/div><\/div>\n\n<div class=\"fw-row\">\n\t<div id=\"column-69d160ad1dc0d\" class=\"fw-col-sm-12 tf-sh-0b0060ab7e148127905de13f94c983ce\" >\n\t<div class=\"fw-wrap-col-inner clearfix  \"   >\n\t\t\t\t<div class=\"fw-col-inner\">\n\t\t\t<div class=\"fw-divider-space space-md  clearfix\"  ><\/div>\t\t<\/div>\n\t<\/div>\n<\/div><\/div>\n\n\t<\/div>\n\t<\/section><section  id=\"section-cirugia\" class=\"fw-main-row-custom  auto  fw-section-position-back tf-sh-f9568f185a92005e722b8683beca9b4f\"    >\n\t\t\t<div class=\"fw-container\" >\n\t\t<div class=\"fw-row\">\n\t<div id=\"column-69d160ad1e459\" class=\"fw-col-sm-12 tf-sh-0d21db7d2169ffcdf22ebbce8b235dcb\" >\n\t<div class=\"fw-wrap-col-inner clearfix  \"   >\n\t\t\t\t<div class=\"fw-col-inner\">\n\t\t\t<div class=\"fw-heading fw-heading-center  fw-heading-with-subtitle tf-sh-d9b33e0dcb57479f32b89377f3773754\" >\n\t\t\t<h2 class=\"fw-special-title\">Cirug\u00eda general<\/h2>\n\t\n\t\n\t\t\t<div class=\"fw-special-subtitle\">Especialista en hernias, padecimientos de la ves\u00edcula y hemorroides<\/div>\n\t<\/div>\t<div  class=\"fw-divider tf-sh-857dae39c3f0853efd385b4802857ed0  fw-divider-align-center fw-line-solid fw-divider-line  \"  style=\"width:120px; padding-top:40px; margin-bottom:0px; border-color:#dddddd;\" ><\/div>\n<div class=\"fw-divider-space space-sm  clearfix\"  ><\/div>\t\t<\/div>\n\t<\/div>\n<\/div><\/div>\n\n<div class=\"fw-row\">\n\t<div id=\"column-69d160ad1eb81\" class=\"fw-col-sm-4 tf-sh-c0d2a9d03f029c50b3716c79c8c4ef55\" >\n\t<div class=\"fw-wrap-col-inner clearfix  \"   >\n\t\t\t\t<div class=\"fw-col-inner\">\n\t\t\t<div class=\"fw-divider-space  fw-custom-space  clearfix\" style=\"height:20px;\" ><\/div><div class=\"fw-iconbox clearfix tf-sh-fc046c54a858040b7c26683bbadd0aa7 fw-iconbox-1  fw-iconbox-image-type   \" >\n\t<div class=\"fw-iconbox-image \" style=\"\">\n\t\t\t\t\t\t\t\t\t<img src=\"\/\/drnoriegausi.com\/wp-content\/uploads\/2018\/09\/hernia.jpg\" alt=\"\" \/>\n\t\t\t\t\t\t<\/div>\n\n\t<div class=\"fw-iconbox-aside\">\n\t\t\t\t\t<div class=\"fw-iconbox-title\">\n\t\t\t\t<h4>Hernia inguinal<\/h4>\n\t\t\t<\/div>\n\t\t\n\t\t\t\t\t<div class=\"fw-iconbox-text\">\n\t\t\t\t<p><span style=\"font-weight: 400;\">Las hernias de la regi\u00f3n inguinal<br \/>son causadas por una debilidad en los m\u00fasculos de la pelvis.<\/span><\/p>\t\t\t<\/div>\n\t\t\n\t\t\t\t\t<div class=\"text-center\">\t\t\t<a href=\"\/cirugia-general\/hernia-inguinal\/\" target=\"_self\" class=\"fw-btn  fw-btn-lg fw-btn-1 \" style=\"\" >\n\t\t\t\t<span>\n\t\t\t\t\t\t\t\t\t\t\tVER M\u00c1S\t\t\t\t\t\t\t\t\t<\/span>\n\t\t\t<\/a>\n\t\t\t<\/div>\t\t\t<\/div>\n<\/div>\t\t<\/div>\n\t<\/div>\n<\/div><div id=\"column-69d160ad1f117\" class=\"fw-col-sm-4 tf-sh-6116390383a20c1114a319f4a092e243\" >\n\t<div class=\"fw-wrap-col-inner clearfix  \"   >\n\t\t\t\t<div class=\"fw-col-inner\">\n\t\t\t<div class=\"fw-divider-space  fw-custom-space  clearfix\" style=\"height:20px;\" ><\/div><div class=\"fw-iconbox clearfix tf-sh-57e27003c142006e6cf3017fe63bb717 fw-iconbox-1  fw-iconbox-image-type   \" >\n\t<div class=\"fw-iconbox-image \" style=\"\">\n\t\t\t\t\t\t\t\t\t<img src=\"\/\/drnoriegausi.com\/wp-content\/uploads\/2018\/09\/piedras.jpg\" alt=\"\" \/>\n\t\t\t\t\t\t<\/div>\n\n\t<div class=\"fw-iconbox-aside\">\n\t\t\t\t\t<div class=\"fw-iconbox-title\">\n\t\t\t\t<h4>Piedras en la Ves\u00edcula<\/h4>\n\t\t\t<\/div>\n\t\t\n\t\t\t\t\t<div class=\"fw-iconbox-text\">\n\t\t\t\t<p><span style=\"font-weight: 400;\">La ves\u00edcula se enferma cuando se forman piedras en su interior -conocido como enfermedad por c\u00e1lculos biliares o litiasis vesicular.<\/span><\/p>\t\t\t<\/div>\n\t\t\n\t\t\t\t\t<div class=\"text-center\">\t\t\t<a href=\"\/cirugia-general\/piedras-en-la-vesicula\/\" target=\"_self\" class=\"fw-btn  fw-btn-lg fw-btn-1 \" style=\"\" >\n\t\t\t\t<span>\n\t\t\t\t\t\t\t\t\t\t\tVER M\u00c1S\t\t\t\t\t\t\t\t\t<\/span>\n\t\t\t<\/a>\n\t\t\t<\/div>\t\t\t<\/div>\n<\/div>\t\t<\/div>\n\t<\/div>\n<\/div><div id=\"column-69d160ad1f64f\" class=\"fw-col-sm-4 tf-sh-7fa9763aec0e1881838e495dbd8376cd\" >\n\t<div class=\"fw-wrap-col-inner clearfix  \"   >\n\t\t\t\t<div class=\"fw-col-inner\">\n\t\t\t<div class=\"fw-divider-space  fw-custom-space  clearfix\" style=\"height:20px;\" ><\/div><div class=\"fw-iconbox clearfix tf-sh-6c1439287b525a59ffc3d96b83cf820e fw-iconbox-1  fw-iconbox-image-type   \" >\n\t<div class=\"fw-iconbox-image \" style=\"\">\n\t\t\t\t\t\t\t\t\t<img src=\"\/\/drnoriegausi.com\/wp-content\/uploads\/2018\/09\/hemorroide.jpg\" alt=\"\" \/>\n\t\t\t\t\t\t<\/div>\n\n\t<div class=\"fw-iconbox-aside\">\n\t\t\t\t\t<div class=\"fw-iconbox-title\">\n\t\t\t\t<h4>Hemorroides<\/h4>\n\t\t\t<\/div>\n\t\t\n\t\t\t\t\t<div class=\"fw-iconbox-text\">\n\t\t\t\t<p><span style=\"font-weight: 400;\">Las hemorroides son vasos venosos que se localizan en la regi\u00f3n anal, son comunes en el embarazo y en los adultos.<\/span><\/p>\t\t\t<\/div>\n\t\t\n\t\t\t\t\t<div class=\"text-center\">\t\t\t<a href=\"\/cirugia-general\/hemorroides\/\" target=\"_self\" class=\"fw-btn  fw-btn-lg fw-btn-1 \" style=\"\" >\n\t\t\t\t<span>\n\t\t\t\t\t\t\t\t\t\t\tVER M\u00c1S\t\t\t\t\t\t\t\t\t<\/span>\n\t\t\t<\/a>\n\t\t\t<\/div>\t\t\t<\/div>\n<\/div>\t\t<\/div>\n\t<\/div>\n<\/div><\/div>\n\n<div class=\"fw-row\">\n\t<div id=\"column-69d160ad1fcc8\" class=\"fw-tablet-hide-element fw-col-sm-4 fw-tablet-landscape-hide-element fw-mobile-hide-element tf-sh-d424de8ed504c74ee174082fc44bb73a\" >\n\t<div class=\"fw-wrap-col-inner clearfix  \"   >\n\t\t\t\t<div class=\"fw-col-inner\">\n\t\t\t\t\t<\/div>\n\t<\/div>\n<\/div><div id=\"column-69d160ad1fe6a\" class=\"fw-col-sm-4 tf-sh-f58b16cad921bb7b97d4c2b3db547122\" >\n\t<div class=\"fw-wrap-col-inner clearfix  \"   >\n\t\t\t\t<div class=\"fw-col-inner\">\n\t\t\t<div class=\"fw-divider-space  fw-custom-space  clearfix\" style=\"height:20px;\" ><\/div><div class=\"fw-iconbox clearfix tf-sh-b57052382ae4b0f33d4abfc46dcbe00a fw-iconbox-1  fw-iconbox-image-type   \" >\n\t<div class=\"fw-iconbox-image \" style=\"\">\n\t\t\t\t\t\t\t\t\t<img src=\"\/\/drnoriegausi.com\/wp-content\/uploads\/2018\/09\/reflujo.jpg\" alt=\"\" \/>\n\t\t\t\t\t\t<\/div>\n\n\t<div class=\"fw-iconbox-aside\">\n\t\t\t\t\t<div class=\"fw-iconbox-title\">\n\t\t\t\t<h4>Reflujo Gastroesof\u00e1gico<\/h4>\n\t\t\t<\/div>\n\t\t\n\t\t\t\t\t<div class=\"fw-iconbox-text\">\n\t\t\t\t<p><span style=\"font-weight: 400;\">El reflujo gastroesof\u00e1gico se produce cuando falla la v\u00e1lvula inferior del es\u00f3fago, lo que produce el paso del \u00e1cido del est\u00f3mago al es\u00f3fago, garganta y boca.  <\/span><\/p>\t\t\t<\/div>\n\t\t\n\t\t\t\t\t<div class=\"text-center\">\t\t\t<a href=\"\/cirugia-general\/reflujo-gastroesofagico\/\" target=\"_self\" class=\"fw-btn  fw-btn-lg fw-btn-1 \" style=\"\" >\n\t\t\t\t<span>\n\t\t\t\t\t\t\t\t\t\t\tVER M\u00c1S\t\t\t\t\t\t\t\t\t<\/span>\n\t\t\t<\/a>\n\t\t\t<\/div>\t\t\t<\/div>\n<\/div>\t\t<\/div>\n\t<\/div>\n<\/div><div id=\"column-69d160ad20398\" class=\"fw-col-sm-4 tf-sh-e4a0d935ded8b89232f79d9c80569992\" >\n\t<div class=\"fw-wrap-col-inner clearfix  \"   >\n\t\t\t\t<div class=\"fw-col-inner\">\n\t\t\t\t\t<\/div>\n\t<\/div>\n<\/div><\/div>\n\n\t<\/div>\n\t<\/section><section   class=\"fw-main-row-custom fw-section-no-padding  auto  fw-section-position-back tf-sh-aa1483677a08f855d2b6435d5681e34c\"  style=\" background-color:#2a2e31;\"  >\n\t\t\t<div class=\"fw-container\" >\n\t\t<div class=\"fw-row\">\n\t<div id=\"column-69d160ad20a70\" class=\"fw-col-sm-4 tf-sh-d79750d32196ba0af309df5a566294cb\" >\n\t<div class=\"fw-wrap-col-inner clearfix  \"   >\n\t\t\t\t<div class=\"fw-col-inner\">\n\t\t\t<div class=\"fw-divider-space  fw-custom-space  clearfix\" style=\"height:30px;\" ><\/div><div class=\"fw-text-box tf-sh-f16037c951dd879877bc2ab07e68ee00 \" >\n\t<div class=\"fw-text-inner\">\n\t\t<p style=\"font-size: 21px; color: #ffffff;\">Ratings:<\/p>\n<p><script type=\"text\/javascript\" src=\"https:\/\/api.doctoralia.com\/widgets\/reviews\/widget.js#apikey=B0ABE4946A9545D3900D6B9E96047EC8\"><\/script><\/p>\n<div class=\"dralia-reviews\" data-dralia-reviews-key=\"B0ABE4946A9545D3900D6B9E96047EC8\"><\/div>\n\t<\/div>\n<\/div>\t\t<\/div>\n\t<\/div>\n<\/div><div id=\"column-69d160ad20e51\" class=\"fw-col-sm-4 tf-sh-aaae3c19851ceddcbf21b85d0fb5a524\" >\n\t<div class=\"fw-wrap-col-inner clearfix  \"   >\n\t\t\t\t<div class=\"fw-col-inner\">\n\t\t\t<div class=\"fw-divider-space  fw-custom-space  clearfix\" style=\"height:30px;\" ><\/div><div class=\"fw-text-box tf-sh-4a74cbac5b316820fc1200c6dbd8e1f5 \" >\n\t<div class=\"fw-text-inner\">\n\t\t<p style=\"font-size: 21px; color: #ffffff;\">Agenda una Cita:<\/p>\n<p><a id=\"zl-url\" class=\"zl-url\" href=\"https:\/\/www.doctoralia.com.mx\/victor-manuel-noriega-usi\/cirujano-general\/ciudad-de-mexico\" rel=\"nofollow\" data-zlw-doctor=\"victor-manuel-noriega-usi\" data-zlw-type=\"big_visit\" data-zlw-opinion=\"false\" data-zlw-hide-branding=\"true\">V\u00edctor Manuel Noriega Usi - Doctoralia.com.mx<\/a><script>!function($_x,_s,id){var js,fjs=$_x.getElementsByTagName(_s)[0];if(!$_x.getElementById(id)){js = $_x.createElement(_s);js.id = id;js.src = \"\/\/platform.docplanner.com\/js\/widget.js\";fjs.parentNode.insertBefore(js,fjs);}}(document,\"script\",\"zl-widget-s\");<\/script><\/p>\n\t<\/div>\n<\/div><div class=\"fw-divider-space  fw-custom-space  clearfix\" style=\"height:30px;\" ><\/div>\t\t<\/div>\n\t<\/div>\n<\/div><div id=\"column-69d160ad212dc\" class=\"fw-col-sm-4 tf-sh-50a4fc1eae25ff7fd6fd86904a8d6821\" >\n\t<div class=\"fw-wrap-col-inner clearfix  \"   >\n\t\t\t\t<div class=\"fw-col-inner\">\n\t\t\t<div class=\"fw-divider-space  fw-custom-space  clearfix\" style=\"height:30px;\" ><\/div><div class=\"fw-text-box tf-sh-5afb60a57b7e90ea49fb2c88e61499e5 \" >\n\t<div class=\"fw-text-inner\">\n\t\t<p style=\"font-size: 21px; color: #ffffff;\">Ubicaciones:<\/p>\n<p><strong>Hospital \u00c1ngeles MOCEL. <\/strong><br \/>Gelati 29, Torre de Hospitalizaci\u00f3n, Consultorio 213.<br \/>Colonia San Miguel Chapultepec, Miguel Hidalgo.<br \/>CP 11850, CDMX.<\/p>\n<p><strong>ABC Santa F\u00e9<\/strong><br \/>Av. Carlos Graef Fern\u00e1ndez 154, Col. Santa Fe, Cuajimalpa, Torre de Ginecolog\u00eda, Consultorio 333, CDMX<\/p>\n<p><strong>ABC Observatorio<\/strong><\/p>\n<p>Sur 136 No. 116, Col. Las Am\u00e9ricas, \u00c1lvaro Obreg\u00f3n, Torre Mackenzie 2, Consultorio 1A,\u00a0 CDMX<\/p>\n\t<\/div>\n<\/div><div class=\"fw-divider-space  fw-custom-space  clearfix\" style=\"height:30px;\" ><\/div><div class=\"fw-text-box tf-sh-a0928dcecb68b7c3848c8801299c9e7d \" >\n\t<div class=\"fw-text-inner\">\n\t\t<p style=\"font-size: 21px; color: #ffffff;\">Tel\u00e9fonos:<\/p>\n<p><strong>Consultorio<\/strong>: (55) 5272 9265<br \/><strong>Emergencias<\/strong>: (55) 2972 8268<\/p>\n\t<\/div>\n<\/div>\t\t<\/div>\n\t<\/div>\n<\/div><\/div>\n\n\t<\/div>\n\t<\/section><\/p>\n","protected":false},"excerpt":{"rendered":"<p>Preg\u00fantale al especialista Emergencias: (55) 2972 8268 *El correo es solo para agendar consultas, no se har\u00e1n cotizaciones ni se atienden emergencias por ese medio. NOMBRE * TEL\u00c9FONO * CORREO ELECTR\u00d3NICO * COMENTARIOS * NOMBRE * TEL\u00c9FONO * CORREO ELECTR\u00d3NICO * COMENTARIOS * Ubicaciones: Hospital \u00c1ngeles MOCEL. Gelati 29, Torre de Hospitalizaci\u00f3n, Consultorio 213.Colonia San [&hellip;]<\/p>\n","protected":false},"author":1,"featured_media":0,"parent":0,"menu_order":0,"comment_status":"closed","ping_status":"closed","template":"visual-builder-template.php","meta":[],"_links":{"self":[{"href":"https:\/\/drnoriegausi.com\/web\/wp-json\/wp\/v2\/pages\/2625"}],"collection":[{"href":"https:\/\/drnoriegausi.com\/web\/wp-json\/wp\/v2\/pages"}],"about":[{"href":"https:\/\/drnoriegausi.com\/web\/wp-json\/wp\/v2\/types\/page"}],"author":[{"embeddable":true,"href":"https:\/\/drnoriegausi.com\/web\/wp-json\/wp\/v2\/users\/1"}],"replies":[{"embeddable":true,"href":"https:\/\/drnoriegausi.com\/web\/wp-json\/wp\/v2\/comments?post=2625"}],"version-history":[{"count":29,"href":"https:\/\/drnoriegausi.com\/web\/wp-json\/wp\/v2\/pages\/2625\/revisions"}],"predecessor-version":[{"id":3313,"href":"https:\/\/drnoriegausi.com\/web\/wp-json\/wp\/v2\/pages\/2625\/revisions\/3313"}],"wp:attachment":[{"href":"https:\/\/drnoriegausi.com\/web\/wp-json\/wp\/v2\/media?parent=2625"}],"curies":[{"name":"wp","href":"https:\/\/api.w.org\/{rel}","templated":true}]}}