{"id":2999,"date":"2019-08-12T22:59:00","date_gmt":"2019-08-12T22:59:00","guid":{"rendered":"https:\/\/drnoriegausi.com\/?page_id=2999"},"modified":"2019-08-12T23:45:42","modified_gmt":"2019-08-12T23:45:42","slug":"aviso-de-privacidad","status":"publish","type":"page","link":"https:\/\/drnoriegausi.com\/web\/aviso-de-privacidad\/","title":{"rendered":"Aviso de Privacidad"},"content":{"rendered":"<section   class=\"fw-main-row-custom fw-main-row-top  auto  fw-section-position-back tf-sh-5ba5311e9bef68a4c42da01f033f5657\"  style=\" background-color:#f8f8f8;\"  >\n\t\t\t<div class=\"fw-container\" >\n\t\t<div class=\"fw-row\">\n\t<div id=\"column-69d1607c8732d\" class=\"fw-col-sm-12 tf-sh-7957816a22f155e8a73583fa0c78e13c\" >\n\t<div class=\"fw-wrap-col-inner clearfix  \"   >\n\t\t\t\t<div class=\"fw-col-inner\">\n\t\t\t<div class=\"fw-heading fw-heading-center  tf-sh-007e7bc85422c9bdf4d947584475e390\" >\n\t\t\t<h2 class=\"fw-special-title\">Aviso de Privacidad<\/h2>\n\t\n\t\n\t<\/div><div class=\"fw-divider-space space-sm  clearfix\"  ><\/div><div class=\"fw-text-box tf-sh-68d63b01dddeaa4ca16db03ebf850dd8 \" >\n\t<div class=\"fw-text-inner\">\n\t\t<p style=\"text-align: justify; color: #000;\">DR. V\u00cdCTOR MANUEL NORIEGA USI con domicilio en Centro M\u00e9dico ABC Observatorio. \"Torre Mackenzie\", Sur 136 #116. Consultorio 1A. Colonia Las Am\u00e9ricas. CP 01120. CDMX, M\u00e9xico; de conformidad con lo dispuesto en la Ley Federal de Protecci\u00f3n de Datos Personales en Posesi\u00f3n de los Particulares, hace de su conocimiento el presente Aviso de Privacidad:<\/p>\n<p style=\"text-align: justify; color: #000;\"><strong>1. SOBRE EL TRATAMIENTO DE SUS DATOS PERSONALES:<\/strong><\/p>\n<p style=\"text-align: justify; color: #000;\">Recabamos sus datos personales y datos personales sensibles para los efectos mencionados en el presente Aviso de Privacidad. En este sentido, hacemos de su conocimiento que sus datos personales ser\u00e1n tratados y resguardados con base en los principios de licitud, calidad, consentimiento, informaci\u00f3n, finalidad, lealtad, proporcionalidad y responsabilidad, consagrados en la Ley Federal de Protecci\u00f3n de Datos Personales en Posesi\u00f3n de los Particulares.<\/p>\n<p style=\"text-align: justify; color: #000;\"><strong>2. FINALIDAD EN EL TRATAMIENTO DE SUS DATOS PERSONALES:<\/strong><\/p>\n<p style=\"text-align: justify; color: #000;\">Recopilamos sus datos personales y datos personales sensibles, por lo que solicitamos su consentimiento a trav\u00e9s del presente Aviso de Privacidad con el objeto de utilizarlos para los siguientes fines:<\/p>\n<ol start=\"1\" type=\"I\">\n<li style=\"text-align: justify; color: #000;\">Prestaci\u00f3n de servicios m\u00e9dico-hospitalarios, incluyendo: Consulta y Procedimientos quir\u00fargicos.<\/li>\n<li style=\"text-align: justify; color: #000;\">Creaci\u00f3n, estudio, an\u00e1lisis, actualizaci\u00f3n y conservaci\u00f3n del expediente cl\u00ednico.<\/li>\n<li style=\"text-align: justify; color: #000;\">Estudios, registros, estad\u00edsticas y an\u00e1lisis de la informaci\u00f3n de salud.<\/li>\n<\/ol>\n<p style=\"text-align: justify; color: #000;\"><strong>3. TRANSFERENCIA:<\/strong><\/p>\n<p style=\"text-align: justify; color: #000;\">Para la prestaci\u00f3n de servicios m\u00e9dicos puede transferir dentro y fuera del pa\u00eds, los datos personales en su posesi\u00f3n a terceros subcontratados para fines relacionados con los se\u00f1alados en este aviso de privacidad. Dentro de los terceros a los que se transferir\u00e1n dichos datos se incluyen sin limitar laboratorios, cl\u00ednicas, hospitales, centros de investigaci\u00f3n, aseguradoras, as\u00ed como a cualquier empresa del mismo grupo corporativo, autoridades o aquellos que se considere necesario o conveniente comunicar datos personales. En virtud de que transferiremos datos personales sensibles, requerimos de su consentimiento expreso, de conformidad con lo que establece el art\u00edculo 9 de la Ley Federal de Protecci\u00f3n de Datos Personales en Posesi\u00f3n de los Particulares, por lo que, a trav\u00e9s de este documento, acepta esta transferencia:<\/p>\n<p style=\"text-align: justify; color: #000;\">\u201cConsiento que mis datos personales sensibles sean transferidos conforme a los t\u00e9rminos y condiciones del presente aviso de privacidad. \u201d<\/p>\n<p style=\"text-align: justify; color: #000;\"><strong>4. LIMITACI\u00d3N DE USO Y DIVULGACI\u00d3N DE DATOS PERSONALES:<\/strong><\/p>\n<p style=\"text-align: justify; color: #000;\">Para limitar el uso de sus datos personales, favor de enviar un correo electr\u00f3nico a <a href=\"mailto:noriega.usi@gmail.com\">noriega.usi@gmail.com<\/a>, en que se se\u00f1ale la limitaci\u00f3n al uso de sus datos deseada.<\/p>\n<p style=\"text-align: justify; color: #000;\"><strong>5. MEDIOS PARA EL EJERCICIO DE SUS DERECHOS COMO TITULAR DE LOS DATOS PERSONALES:<\/strong><\/p>\n<p style=\"text-align: justify; color: #000;\">Como titular de los datos personales objeto del presente Aviso de Privacidad, usted podr\u00e1 ejercer sus derechos de acceso, rectificaci\u00f3n, cancelaci\u00f3n u oposici\u00f3n , mismos que se consagran en la Ley Federal de Protecci\u00f3n de Datos Personales en Posesi\u00f3n de los Particulares. As\u00ed mismo podr\u00e1 revocar el consentimiento otorgado para el uso de sus datos personales.<\/p>\n<p style=\"text-align: justify; color: #000;\">Con la finalidad de poder atender su solicitud, \u00e9sta deber\u00e1 satisfacer todos los requisitos estipulados en la Ley Federal de Protecci\u00f3n de Datos Personales en Posesi\u00f3n de los Particulares.<\/p>\n<p style=\"text-align: justify; color: #000;\"><strong>6. TRANSFERENCIA DE SUS DATOS PERSONALES:<\/strong><\/p>\n<p style=\"text-align: justify; color: #000;\">Sus datos personales y\/o datos personales sensibles podr\u00e1n transferidos a los terceros, que para el cumplimiento de las obligaciones que el DR. V\u00cdCTOR MANUEL NORIEGA USI le ofrece, sea necesario. Lo anterior sin perjuicio de las excepciones la Ley Federal de Protecci\u00f3n de Datos Personales en Posesi\u00f3n de los Particulares.<\/p>\n<p style=\"text-align: justify; color: #000;\"><strong>7. NOTIFICACI\u00d3N DE CAMBIOS AL AVISO DE PRIVACIDAD:<\/strong><\/p>\n<p style=\"text-align: justify; color: #000;\">El presente Aviso de Privacidad podr\u00e1 ser modificado en cualquier momento para cumplir con actualizaciones legislativas, jurisprudenciales, pol\u00edticas internas, nuevos requisitos para la presentaci\u00f3n de servicios del DR. V\u00cdCTOR MANUEL NORIEGA USI o cualquier otra causa a entera discreci\u00f3n del DR. V\u00cdCTOR MANUEL NORIEGA USI. En tal caso, las modificaciones estar\u00e1n en nuestra p\u00e1gina de Internet <a href=\"https:\/\/www.drnoriegausi.com\" target=\"_blank\" rel=\"noopener\">https:\/\/www.drnoriegausi.com<\/a>.<\/p>\n\t<\/div>\n<\/div><div class=\"fw-divider-space space-sm  clearfix\"  ><\/div>\t\t<\/div>\n\t<\/div>\n<\/div><\/div>\n\n\t<\/div>\n\t<\/section>\n","protected":false},"excerpt":{"rendered":"<p>Aviso de Privacidad DR. V\u00cdCTOR MANUEL NORIEGA USI con domicilio en Centro M\u00e9dico ABC Observatorio. \u00abTorre Mackenzie\u00bb, Sur 136 #116. Consultorio 1A. Colonia Las Am\u00e9ricas. CP 01120. CDMX, M\u00e9xico; de conformidad con lo dispuesto en la Ley Federal de Protecci\u00f3n de Datos Personales en Posesi\u00f3n de los Particulares, hace de su conocimiento el presente Aviso [&hellip;]<\/p>\n","protected":false},"author":1,"featured_media":0,"parent":0,"menu_order":0,"comment_status":"closed","ping_status":"closed","template":"visual-builder-template.php","meta":[],"_links":{"self":[{"href":"https:\/\/drnoriegausi.com\/web\/wp-json\/wp\/v2\/pages\/2999"}],"collection":[{"href":"https:\/\/drnoriegausi.com\/web\/wp-json\/wp\/v2\/pages"}],"about":[{"href":"https:\/\/drnoriegausi.com\/web\/wp-json\/wp\/v2\/types\/page"}],"author":[{"embeddable":true,"href":"https:\/\/drnoriegausi.com\/web\/wp-json\/wp\/v2\/users\/1"}],"replies":[{"embeddable":true,"href":"https:\/\/drnoriegausi.com\/web\/wp-json\/wp\/v2\/comments?post=2999"}],"version-history":[{"count":21,"href":"https:\/\/drnoriegausi.com\/web\/wp-json\/wp\/v2\/pages\/2999\/revisions"}],"predecessor-version":[{"id":3020,"href":"https:\/\/drnoriegausi.com\/web\/wp-json\/wp\/v2\/pages\/2999\/revisions\/3020"}],"wp:attachment":[{"href":"https:\/\/drnoriegausi.com\/web\/wp-json\/wp\/v2\/media?parent=2999"}],"curies":[{"name":"wp","href":"https:\/\/api.w.org\/{rel}","templated":true}]}}